{"id":17,"date":"2023-05-05T21:38:30","date_gmt":"2023-05-05T13:38:30","guid":{"rendered":"http:\/\/longmed-medical.com\/?page_id=17"},"modified":"2023-07-27T09:45:45","modified_gmt":"2023-07-27T01:45:45","slug":"video","status":"publish","type":"page","link":"https:\/\/longmed-medical.com\/ro\/video\/","title":{"rendered":"Video"},"content":{"rendered":"<div data-elementor-type=\"wp-page\" data-elementor-id=\"17\" class=\"elementor elementor-17\" data-elementor-post-type=\"page\">\n\t\t\t\t\t\t<section class=\"elementor-section elementor-top-section elementor-element elementor-element-8105ea0 elementor-section-boxed elementor-section-height-default elementor-section-height-default\" data-id=\"8105ea0\" data-element_type=\"section\" data-settings=\"{&quot;ekit_has_onepagescroll_dot&quot;:&quot;yes&quot;}\">\n\t\t\t\t\t\t<div class=\"elementor-container elementor-column-gap-default\">\n\t\t\t\t\t<div class=\"elementor-column elementor-col-100 elementor-top-column elementor-element elementor-element-39c699d\" data-id=\"39c699d\" data-element_type=\"column\">\n\t\t\t<div class=\"elementor-widget-wrap elementor-element-populated\">\n\t\t\t\t\t\t<div class=\"elementor-element elementor-element-aea7e5d elementor-widget elementor-widget-heading\" data-id=\"aea7e5d\" data-element_type=\"widget\" data-settings=\"{&quot;ekit_we_effect_on&quot;:&quot;none&quot;}\" data-widget_type=\"heading.default\">\n\t\t\t\t<div class=\"elementor-widget-container\">\n\t\t\t\t\t<h2 class=\"elementor-heading-title elementor-size-default\">Bucura\u021bi-v\u0103 de videoclipurile de pe dispozitivul de \u00eenchidere a pl\u0103gii cu cus\u0103tur\u0103 cu fermoar<\/h2>\t\t\t\t<\/div>\n\t\t\t\t<\/div>\n\t\t\t\t\t<\/div>\n\t\t<\/div>\n\t\t\t\t\t<\/div>\n\t\t<\/section>\n\t\t\t\t<section class=\"elementor-section elementor-top-section elementor-element elementor-element-cc07d9a elementor-section-boxed elementor-section-height-default elementor-section-height-default\" data-id=\"cc07d9a\" data-element_type=\"section\" data-settings=\"{&quot;ekit_has_onepagescroll_dot&quot;:&quot;yes&quot;}\">\n\t\t\t\t\t\t<div class=\"elementor-container elementor-column-gap-default\">\n\t\t\t\t\t<div class=\"elementor-column elementor-col-100 elementor-top-column elementor-element elementor-element-5cd6b5e\" data-id=\"5cd6b5e\" data-element_type=\"column\">\n\t\t\t<div class=\"elementor-widget-wrap elementor-element-populated\">\n\t\t\t\t\t\t<div class=\"elementor-element elementor-element-328a6b3 elementor-widget elementor-widget-text-editor\" data-id=\"328a6b3\" data-element_type=\"widget\" data-settings=\"{&quot;ekit_we_effect_on&quot;:&quot;none&quot;}\" data-widget_type=\"text-editor.default\">\n\t\t\t\t<div class=\"elementor-widget-container\">\n\t\t\t\t\t\t\t\t\t<p>Din aceste videoclipuri, pute\u021bi \u00eenv\u0103\u021ba cum s\u0103 utiliza\u021bi <a href=\"http:\/\/longmed-medical.com\/ro\/zip-stitch-wound-closure-device-surgical-wound-closure-strip\/\" target=\"_blank\" rel=\"noopener\">dispozitiv de \u00eenchidere a pl\u0103gii cu fermoar<\/a> \u0219i cum s\u0103-l aplici \u00een ginecologie \u0219i obstetric\u0103 pentru opera\u021bia de cezarial\u0103 \u0219i departamentul de urgen\u021b\u0103 pentru lacera\u021bii.<\/p>\t\t\t\t\t\t\t\t<\/div>\n\t\t\t\t<\/div>\n\t\t\t\t<section class=\"elementor-section elementor-inner-section elementor-element elementor-element-30880ff elementor-section-boxed elementor-section-height-default elementor-section-height-default\" data-id=\"30880ff\" data-element_type=\"section\" data-settings=\"{&quot;ekit_has_onepagescroll_dot&quot;:&quot;yes&quot;}\">\n\t\t\t\t\t\t<div class=\"elementor-container elementor-column-gap-default\">\n\t\t\t\t\t<div class=\"elementor-column elementor-col-100 elementor-inner-column elementor-element elementor-element-b3556dc\" data-id=\"b3556dc\" data-element_type=\"column\">\n\t\t\t<div class=\"elementor-widget-wrap elementor-element-populated\">\n\t\t\t\t\t\t<div class=\"elementor-element elementor-element-028953c elementor-widget elementor-widget-text-editor\" data-id=\"028953c\" data-element_type=\"widget\" data-settings=\"{&quot;ekit_we_effect_on&quot;:&quot;none&quot;}\" data-widget_type=\"text-editor.default\">\n\t\t\t\t<div class=\"elementor-widget-container\">\n\t\t\t\t\t\t\t\t\t<p>Dispozitivul de \u00eenchidere a suturii cu band\u0103 Longmed Zip este utilizat pe scar\u0103 larg\u0103 pentru lancer\u0103ri, t\u0103ieturi, truse de prim ajutor, \u00eenchidere chirurgical\u0103 cu fermoar, incizie \u0219i etc. Ajut\u0103 la reducerea tensiunii r\u0103nilor, mai pu\u021bine sacre, pentru mai multe avantaje, nu ezita\u021bi s\u0103 ne contacta\u021bi.<\/p>\t\t\t\t\t\t\t\t<\/div>\n\t\t\t\t<\/div>\n\t\t\t\t\t<\/div>\n\t\t<\/div>\n\t\t\t\t\t<\/div>\n\t\t<\/section>\n\t\t\t\t<div class=\"elementor-element elementor-element-edcc5ea elementor-widget elementor-widget-elementskit-video-gallery\" data-id=\"edcc5ea\" data-element_type=\"widget\" data-settings=\"{&quot;ekit_column&quot;:&quot;3&quot;,&quot;ekit_column_tablet&quot;:&quot;2&quot;,&quot;ekit_column_mobile&quot;:&quot;1&quot;,&quot;ekit_we_effect_on&quot;:&quot;none&quot;}\" data-widget_type=\"elementskit-video-gallery.default\">\n\t\t\t\t<div class=\"elementor-widget-container\">\n\t\t\t\t\t<div class=\"ekit-wid-con\" >\t\t<div class=\"ekit-video-gallery-wrapper\">\n\t\t\t<!-- filter nav -->\n\t\t\t\t\t\t<!-- filter nav -->\n\n\t\t\t<div class=\"ekit-video-gallery ekit-grid ekit-column-3 ekit-column-tablet-2 ekit-column-mobile-1\" data-config=\"{&quot;rtl&quot;:false,&quot;arrows&quot;:false,&quot;dots&quot;:false,&quot;prevArrow&quot;:&quot;&quot;,&quot;nextArrow&quot;:&quot;&quot;,&quot;autoplay&quot;:false,&quot;speed&quot;:1000,&quot;infinite&quot;:false,&quot;slidesPerView&quot;:4,&quot;slidesPerGroup&quot;:&quot;&quot;,&quot;pauseOnMouseEnter&quot;:false,&quot;loop&quot;:false,&quot;breakpointsInverse&quot;:true,&quot;breakpoints&quot;:{&quot;360&quot;:{&quot;slidesPerView&quot;:1,&quot;slidesPerGroup&quot;:1,&quot;spaceBetween&quot;:10},&quot;768&quot;:{&quot;slidesPerView&quot;:2,&quot;slidesPerGroup&quot;:1,&quot;spaceBetween&quot;:10},&quot;1024&quot;:{&quot;slidesPerView&quot;:4,&quot;slidesPerGroup&quot;:1,&quot;spaceBetween&quot;:15}}}\">\n\t\t\t\t\n\t\t\t\t\t\t\t\t\t<div class=\"ekit-video-item\">\n\n\t\t\t\t\t\t\t\t\t\t\t\t\t\t\t\t\t\t\t\t\t\t\t<a class=\"video-link popup\" href=\"https:\/\/www.youtube.com\/watch?v=0HVrpWxgCz8\" data-url=\"https:\/\/www.youtube.com\/embed\/0HVrpWxgCz8?autoplay=1&#038;rel=0\" rel=\"nofollow noopener\" target=\"_blank\">\n\t\t\t\t\t\t\t\t\t\t\t\t\t\t\t\t\t<img decoding=\"async\" src=\"https:\/\/img.youtube.com\/vi\/0HVrpWxgCz8\/0.jpg\" alt=\"Degetul mare video\">\n\t\t\t\t\t\t\t\t\t<i aria-hidden=\"true\" class=\"video-icon icon icon-play\"><\/i>\t\t\t\t\t\t\t\t<\/a>\n\t\t\t\t\t\t\t\t\t\t\t<\/div>\n\t\t\t\t\t\t\t\t\t<div class=\"ekit-video-item\">\n\n\t\t\t\t\t\t\t\t\t\t\t\t\t\t\t\t\t\t\t\t\t\t\t<a class=\"video-link popup\" href=\"https:\/\/www.youtube.com\/watch?v=dEky3bZfetc\" data-url=\"https:\/\/www.youtube.com\/embed\/dEky3bZfetc?autoplay=1&#038;rel=0\" rel=\"nofollow noopener\" target=\"_blank\">\n\t\t\t\t\t\t\t\t\t\t\t\t\t\t\t\t\t<img decoding=\"async\" src=\"https:\/\/img.youtube.com\/vi\/dEky3bZfetc\/0.jpg\" alt=\"Degetul mare video\">\n\t\t\t\t\t\t\t\t\t<i aria-hidden=\"true\" class=\"video-icon icon icon-play\"><\/i>\t\t\t\t\t\t\t\t<\/a>\n\t\t\t\t\t\t\t\t\t\t\t<\/div>\n\t\t\t\t\t\t\t\t\t<div class=\"ekit-video-item\">\n\n\t\t\t\t\t\t\t\t\t\t\t\t\t\t\t\t\t\t\t\t\t\t\t<a class=\"video-link popup\" href=\"https:\/\/www.youtube.com\/watch?v=6_023hugMJo\" data-url=\"https:\/\/www.youtube.com\/embed\/6_023hugMJo?autoplay=1&#038;rel=0\" rel=\"nofollow noopener\" target=\"_blank\">\n\t\t\t\t\t\t\t\t\t\t\t\t\t\t\t\t\t<img decoding=\"async\" src=\"https:\/\/img.youtube.com\/vi\/6_023hugMJo\/0.jpg\" alt=\"Degetul mare video\">\n\t\t\t\t\t\t\t\t\t<i aria-hidden=\"true\" class=\"video-icon icon icon-play\"><\/i>\t\t\t\t\t\t\t\t<\/a>\n\t\t\t\t\t\t\t\t\t\t\t<\/div>\n\t\t\t\t\n\t\t\t\t\t\t\t<\/div>\n\t\t<\/div>\n\t\t<\/div>\t\t\t\t<\/div>\n\t\t\t\t<\/div>\n\t\t\t\t\t<\/div>\n\t\t<\/div>\n\t\t\t\t\t<\/div>\n\t\t<\/section>\n\t\t\t\t<section class=\"elementor-section elementor-top-section elementor-element elementor-element-2a85e81 elementor-section-boxed elementor-section-height-default elementor-section-height-default\" data-id=\"2a85e81\" data-element_type=\"section\" data-settings=\"{&quot;ekit_has_onepagescroll_dot&quot;:&quot;yes&quot;}\">\n\t\t\t\t\t\t<div class=\"elementor-container elementor-column-gap-default\">\n\t\t\t\t\t<div class=\"elementor-column elementor-col-100 elementor-top-column elementor-element elementor-element-7bb642e\" data-id=\"7bb642e\" data-element_type=\"column\">\n\t\t\t<div class=\"elementor-widget-wrap elementor-element-populated\">\n\t\t\t\t\t\t<div class=\"elementor-element elementor-element-3f6ba54 elementor-widget elementor-widget-elementskit-video-gallery\" data-id=\"3f6ba54\" data-element_type=\"widget\" data-settings=\"{&quot;ekit_column&quot;:&quot;3&quot;,&quot;ekit_column_tablet&quot;:&quot;2&quot;,&quot;ekit_column_mobile&quot;:&quot;1&quot;,&quot;ekit_we_effect_on&quot;:&quot;none&quot;}\" data-widget_type=\"elementskit-video-gallery.default\">\n\t\t\t\t<div class=\"elementor-widget-container\">\n\t\t\t\t\t<div class=\"ekit-wid-con\" >\t\t<div class=\"ekit-video-gallery-wrapper\">\n\t\t\t<!-- filter nav -->\n\t\t\t\t\t\t<!-- filter nav -->\n\n\t\t\t<div class=\"ekit-video-gallery ekit-grid ekit-column-3 ekit-column-tablet-2 ekit-column-mobile-1\" data-config=\"{&quot;rtl&quot;:false,&quot;arrows&quot;:false,&quot;dots&quot;:false,&quot;prevArrow&quot;:&quot;&quot;,&quot;nextArrow&quot;:&quot;&quot;,&quot;autoplay&quot;:false,&quot;speed&quot;:1000,&quot;infinite&quot;:false,&quot;slidesPerView&quot;:4,&quot;slidesPerGroup&quot;:&quot;&quot;,&quot;pauseOnMouseEnter&quot;:false,&quot;loop&quot;:false,&quot;breakpointsInverse&quot;:true,&quot;breakpoints&quot;:{&quot;360&quot;:{&quot;slidesPerView&quot;:1,&quot;slidesPerGroup&quot;:1,&quot;spaceBetween&quot;:10},&quot;768&quot;:{&quot;slidesPerView&quot;:2,&quot;slidesPerGroup&quot;:1,&quot;spaceBetween&quot;:10},&quot;1024&quot;:{&quot;slidesPerView&quot;:4,&quot;slidesPerGroup&quot;:1,&quot;spaceBetween&quot;:15}}}\">\n\t\t\t\t\n\t\t\t\t\t\t\t\t\t<div class=\"ekit-video-item\">\n\n\t\t\t\t\t\t\t\t\t\t\t\t\t\t\t\t\t\t\t\t\t\t\t<a class=\"video-link popup\" href=\"https:\/\/www.youtube.com\/watch?v=SGfrwEO8KQg\" data-url=\"https:\/\/www.youtube.com\/embed\/SGfrwEO8KQg?autoplay=1&#038;rel=0\" rel=\"nofollow noopener\" target=\"_blank\">\n\t\t\t\t\t\t\t\t\t\t\t\t\t\t\t\t\t<img decoding=\"async\" src=\"https:\/\/img.youtube.com\/vi\/SGfrwEO8KQg\/0.jpg\" alt=\"Degetul mare video\">\n\t\t\t\t\t\t\t\t\t<i aria-hidden=\"true\" class=\"video-icon icon icon-play\"><\/i>\t\t\t\t\t\t\t\t<\/a>\n\t\t\t\t\t\t\t\t\t\t\t<\/div>\n\t\t\t\t\t\t\t\t\t<div class=\"ekit-video-item\">\n\n\t\t\t\t\t\t\t\t\t\t\t\t\t\t\t\t\t\t\t\t\t\t\t<a class=\"video-link popup\" href=\"https:\/\/www.youtube.com\/watch?v=8XRxJwQmm2E\" data-url=\"https:\/\/www.youtube.com\/embed\/8XRxJwQmm2E?autoplay=1&#038;rel=0\" rel=\"nofollow noopener\" target=\"_blank\">\n\t\t\t\t\t\t\t\t\t\t\t\t\t\t\t\t\t<img decoding=\"async\" src=\"https:\/\/img.youtube.com\/vi\/8XRxJwQmm2E\/0.jpg\" alt=\"Degetul mare video\">\n\t\t\t\t\t\t\t\t\t<i aria-hidden=\"true\" class=\"video-icon icon icon-play\"><\/i>\t\t\t\t\t\t\t\t<\/a>\n\t\t\t\t\t\t\t\t\t\t\t<\/div>\n\t\t\t\t\t\t\t\t\t<div class=\"ekit-video-item\">\n\n\t\t\t\t\t\t\t\t\t\t\t\t\t\t\t\t\t\t\t\t\t\t\t<a class=\"video-link popup\" href=\"https:\/\/www.youtube.com\/watch?v=bKS08__20tQ\" data-url=\"https:\/\/www.youtube.com\/embed\/bKS08__20tQ?autoplay=1&#038;rel=0\" rel=\"nofollow noopener\" target=\"_blank\">\n\t\t\t\t\t\t\t\t\t\t\t\t\t\t\t\t\t<img decoding=\"async\" src=\"https:\/\/img.youtube.com\/vi\/bKS08__20tQ\/0.jpg\" alt=\"Degetul mare video\">\n\t\t\t\t\t\t\t\t\t<i aria-hidden=\"true\" class=\"video-icon icon icon-play\"><\/i>\t\t\t\t\t\t\t\t<\/a>\n\t\t\t\t\t\t\t\t\t\t\t<\/div>\n\t\t\t\t\n\t\t\t\t\t\t\t<\/div>\n\t\t<\/div>\n\t\t<\/div>\t\t\t\t<\/div>\n\t\t\t\t<\/div>\n\t\t\t\t\t<\/div>\n\t\t<\/div>\n\t\t\t\t\t<\/div>\n\t\t<\/section>\n\t\t\t\t<section class=\"elementor-section elementor-top-section elementor-element elementor-element-1305279 elementor-section-boxed elementor-section-height-default elementor-section-height-default\" data-id=\"1305279\" data-element_type=\"section\" data-settings=\"{&quot;ekit_has_onepagescroll_dot&quot;:&quot;yes&quot;}\">\n\t\t\t\t\t\t<div class=\"elementor-container elementor-column-gap-default\">\n\t\t\t\t\t<div class=\"elementor-column elementor-col-100 elementor-top-column elementor-element elementor-element-32826b2\" data-id=\"32826b2\" data-element_type=\"column\">\n\t\t\t<div class=\"elementor-widget-wrap elementor-element-populated\">\n\t\t\t\t\t\t<div class=\"elementor-element elementor-element-de937d2 elementor-widget elementor-widget-heading\" data-id=\"de937d2\" data-element_type=\"widget\" data-settings=\"{&quot;ekit_we_effect_on&quot;:&quot;none&quot;}\" data-widget_type=\"heading.default\">\n\t\t\t\t<div class=\"elementor-widget-container\">\n\t\t\t\t\t<h2 class=\"elementor-heading-title elementor-size-default\">De unde pute\u021bi cump\u0103ra cus\u0103turi cu fermoar?<\/h2>\t\t\t\t<\/div>\n\t\t\t\t<\/div>\n\t\t\t\t\t<\/div>\n\t\t<\/div>\n\t\t\t\t\t<\/div>\n\t\t<\/section>\n\t\t\t\t<section class=\"elementor-section elementor-top-section elementor-element elementor-element-4e629b0 elementor-section-boxed elementor-section-height-default elementor-section-height-default\" data-id=\"4e629b0\" data-element_type=\"section\" data-settings=\"{&quot;ekit_has_onepagescroll_dot&quot;:&quot;yes&quot;}\">\n\t\t\t\t\t\t<div class=\"elementor-container elementor-column-gap-default\">\n\t\t\t\t\t<div class=\"elementor-column elementor-col-100 elementor-top-column elementor-element elementor-element-34c9d41\" data-id=\"34c9d41\" data-element_type=\"column\">\n\t\t\t<div class=\"elementor-widget-wrap elementor-element-populated\">\n\t\t\t\t\t\t<div class=\"elementor-element elementor-element-ba36bb0 elementor-widget elementor-widget-image\" data-id=\"ba36bb0\" data-element_type=\"widget\" data-settings=\"{&quot;ekit_we_effect_on&quot;:&quot;none&quot;}\" data-widget_type=\"image.default\">\n\t\t\t\t<div class=\"elementor-widget-container\">\n\t\t\t\t\t\t\t\t\t\t\t\t\t\t\t<img fetchpriority=\"high\" decoding=\"async\" width=\"600\" height=\"600\" src=\"https:\/\/longmed-medical.com\/wp-content\/uploads\/2023\/07\/Zipstitch-Plaster-Wound-Closure-Device-Registered-in-MHRA-The-UK.jpg\" class=\"attachment-large size-large wp-image-820\" alt=\"Dispozitiv de \u00eenchidere a pl\u0103gii Zipstitch \u00een ipsos, \u00eenregistrat \u00een MHRA Marea Britanie\" srcset=\"https:\/\/longmed-medical.com\/wp-content\/uploads\/2023\/07\/Zipstitch-Plaster-Wound-Closure-Device-Registered-in-MHRA-The-UK.jpg 600w, https:\/\/longmed-medical.com\/wp-content\/uploads\/2023\/07\/Zipstitch-Plaster-Wound-Closure-Device-Registered-in-MHRA-The-UK-300x300.jpg 300w, https:\/\/longmed-medical.com\/wp-content\/uploads\/2023\/07\/Zipstitch-Plaster-Wound-Closure-Device-Registered-in-MHRA-The-UK-150x150.jpg 150w, https:\/\/longmed-medical.com\/wp-content\/uploads\/2023\/07\/Zipstitch-Plaster-Wound-Closure-Device-Registered-in-MHRA-The-UK-12x12.jpg 12w\" sizes=\"(max-width: 600px) 100vw, 600px\" \/>\t\t\t\t\t\t\t\t\t\t\t\t\t\t\t<\/div>\n\t\t\t\t<\/div>\n\t\t\t\t\t<\/div>\n\t\t<\/div>\n\t\t\t\t\t<\/div>\n\t\t<\/section>\n\t\t\t\t<section class=\"elementor-section elementor-top-section elementor-element elementor-element-02ff134 elementor-section-boxed elementor-section-height-default elementor-section-height-default\" data-id=\"02ff134\" data-element_type=\"section\" data-settings=\"{&quot;ekit_has_onepagescroll_dot&quot;:&quot;yes&quot;}\">\n\t\t\t\t\t\t<div class=\"elementor-container elementor-column-gap-default\">\n\t\t\t\t\t<div class=\"elementor-column elementor-col-100 elementor-top-column elementor-element elementor-element-f5f3cc7\" data-id=\"f5f3cc7\" data-element_type=\"column\">\n\t\t\t<div class=\"elementor-widget-wrap elementor-element-populated\">\n\t\t\t\t\t\t<div class=\"elementor-element elementor-element-4e08ad3 elementor-widget elementor-widget-text-editor\" data-id=\"4e08ad3\" data-element_type=\"widget\" data-settings=\"{&quot;ekit_we_effect_on&quot;:&quot;none&quot;}\" data-widget_type=\"text-editor.default\">\n\t\t\t\t<div class=\"elementor-widget-container\">\n\t\t\t\t\t\t\t\t\t<p>Dispozitivul Longmed Zipstitch de \u00eenchidere a pl\u0103gii cu fermoar a fost \u00eenregistrat \u00een Marea Britanie, Italia, SUA, Vietnam \u0219i etc. Pute\u021bi s\u0103 le cump\u0103ra\u021bi de la distribuitorii no\u0219tri local sau s\u0103 ne contacta\u021bi direct pentru mai multe detalii.<\/p>\t\t\t\t\t\t\t\t<\/div>\n\t\t\t\t<\/div>\n\t\t\t\t\t<\/div>\n\t\t<\/div>\n\t\t\t\t\t<\/div>\n\t\t<\/section>\n\t\t\t\t<section class=\"elementor-section elementor-top-section elementor-element elementor-element-4cc86d8 elementor-section-boxed elementor-section-height-default elementor-section-height-default\" data-id=\"4cc86d8\" data-element_type=\"section\" data-settings=\"{&quot;ekit_has_onepagescroll_dot&quot;:&quot;yes&quot;}\">\n\t\t\t\t\t\t<div class=\"elementor-container elementor-column-gap-default\">\n\t\t\t\t\t<div class=\"elementor-column elementor-col-100 elementor-top-column elementor-element elementor-element-8c37389\" data-id=\"8c37389\" data-element_type=\"column\">\n\t\t\t<div class=\"elementor-widget-wrap elementor-element-populated\">\n\t\t\t\t\t\t<div class=\"elementor-element elementor-element-6d8f814 elementor-widget elementor-widget-heading\" data-id=\"6d8f814\" data-element_type=\"widget\" data-settings=\"{&quot;ekit_we_effect_on&quot;:&quot;none&quot;}\" data-widget_type=\"heading.default\">\n\t\t\t\t<div class=\"elementor-widget-container\">\n\t\t\t\t\t<h2 class=\"elementor-heading-title elementor-size-default\"><a href=\"mailto:info@longmed-medical.com\" target=\"_blank\">E-mail la info@longmed-medical.com<\/a><\/h2>\t\t\t\t<\/div>\n\t\t\t\t<\/div>\n\t\t\t\t\t<\/div>\n\t\t<\/div>\n\t\t\t\t\t<\/div>\n\t\t<\/section>\n\t\t\t\t<\/div>","protected":false},"excerpt":{"rendered":"<p>Bucura\u021bi-v\u0103 de videoclipurile despre dispozitivul de \u00eenchidere a pl\u0103gii cu cus\u0103tur\u0103 cu fermoar Din aceste videoclipuri, pute\u021bi \u00eenv\u0103\u021ba cum s\u0103 utiliza\u021bi dispozitivul de \u00eenchidere a pl\u0103gii cu cus\u0103tura cu fermoar \u0219i cum s\u0103 \u00eel aplica\u021bi \u00een ginecologie \u0219i obstetric\u0103 pentru opera\u021bia de cezariana \u0219i departamentul de urgen\u021b\u0103 pentru lacera\u021bii. Dispozitivul de \u00eenchidere a suturilor cu band\u0103 Longmed Zip este utilizat pe scar\u0103 larg\u0103 pentru lancer\u0103ri, t\u0103ieturi, prim ajutor...<\/p>","protected":false},"author":1,"featured_media":851,"parent":0,"menu_order":3,"comment_status":"closed","ping_status":"closed","template":"","meta":{"_kad_post_transparent":"","_kad_post_title":"hide","_kad_post_layout":"fullwidth","_kad_post_sidebar_id":"","_kad_post_content_style":"unboxed","_kad_post_vertical_padding":"hide","_kad_post_feature":"hide","_kad_post_feature_position":"","_kad_post_header":false,"_kad_post_footer":false,"footnotes":""},"class_list":["post-17","page","type-page","status-publish","has-post-thumbnail","hentry"],"_links":{"self":[{"href":"https:\/\/longmed-medical.com\/ro\/wp-json\/wp\/v2\/pages\/17","targetHints":{"allow":["GET"]}}],"collection":[{"href":"https:\/\/longmed-medical.com\/ro\/wp-json\/wp\/v2\/pages"}],"about":[{"href":"https:\/\/longmed-medical.com\/ro\/wp-json\/wp\/v2\/types\/page"}],"author":[{"embeddable":true,"href":"https:\/\/longmed-medical.com\/ro\/wp-json\/wp\/v2\/users\/1"}],"replies":[{"embeddable":true,"href":"https:\/\/longmed-medical.com\/ro\/wp-json\/wp\/v2\/comments?post=17"}],"version-history":[{"count":0,"href":"https:\/\/longmed-medical.com\/ro\/wp-json\/wp\/v2\/pages\/17\/revisions"}],"wp:featuredmedia":[{"embeddable":true,"href":"https:\/\/longmed-medical.com\/ro\/wp-json\/wp\/v2\/media\/851"}],"wp:attachment":[{"href":"https:\/\/longmed-medical.com\/ro\/wp-json\/wp\/v2\/media?parent=17"}],"curies":[{"name":"wp","href":"https:\/\/api.w.org\/{rel}","templated":true}]}}